{"id":60,"date":"2024-03-14T03:10:40","date_gmt":"2024-03-14T03:10:40","guid":{"rendered":"https:\/\/priapos.se\/?page_id=60"},"modified":"2025-10-30T23:03:16","modified_gmt":"2025-10-30T22:03:16","slug":"om-oss","status":"publish","type":"page","link":"https:\/\/priapos.se\/en\/om-oss\/","title":{"rendered":"About us"},"content":{"rendered":"<div data-elementor-type=\"wp-page\" data-elementor-id=\"60\" class=\"elementor elementor-60\" data-elementor-post-type=\"page\">\n\t\t\t\t<div class=\"elementor-element elementor-element-11a891e e-flex e-con-boxed e-con e-parent\" data-id=\"11a891e\" data-element_type=\"container\" data-e-type=\"container\" data-settings=\"{&quot;background_background&quot;:&quot;classic&quot;}\">\n\t\t\t\t\t<div class=\"e-con-inner\">\n\t\t<div class=\"elementor-element elementor-element-696282a e-con-full e-flex e-con e-child\" data-id=\"696282a\" data-element_type=\"container\" data-e-type=\"container\">\n\t\t\t\t<div class=\"elementor-element elementor-element-6c613d9 elementor-widget__width-initial elementor-widget-laptop__width-initial elementor-widget elementor-widget-heading\" data-id=\"6c613d9\" data-element_type=\"widget\" data-e-type=\"widget\" data-widget_type=\"heading.default\">\n\t\t\t\t<div class=\"elementor-widget-container\">\n\t\t\t\t\t<h1 class=\"elementor-heading-title elementor-size-default\">We care about your health and well-being<\/h1>\t\t\t\t<\/div>\n\t\t\t\t<\/div>\n\t\t\t\t<\/div>\n\t\t\t\t<div class=\"elementor-element elementor-element-bc06537 elementor-widget__width-initial elementor-widget elementor-widget-video\" data-id=\"bc06537\" data-element_type=\"widget\" data-e-type=\"widget\" data-settings=\"{&quot;video_type&quot;:&quot;hosted&quot;,&quot;mute&quot;:&quot;yes&quot;,&quot;controls&quot;:&quot;yes&quot;}\" data-widget_type=\"video.default\">\n\t\t\t\t<div class=\"elementor-widget-container\">\n\t\t\t\t\t\t\t<div class=\"e-hosted-video elementor-wrapper elementor-open-inline\">\n\t\t\t\t\t<video class=\"elementor-video\" src=\"https:\/\/priapos.se\/wp-content\/uploads\/2025\/07\/Priapos-Video-250701-COMP.mp4\" controls=\"\" preload=\"metadata\" muted=\"muted\" controlslist=\"nodownload\" poster=\"https:\/\/priapos.se\/wp-content\/uploads\/2025\/07\/Skarmavbild-2025-07-01-kl.-12.41.26.png\"><\/video>\n\t\t\t\t<\/div>\n\t\t\t\t\t\t<\/div>\n\t\t\t\t<\/div>\n\t\t\t\t\t<\/div>\n\t\t\t\t<\/div>\n\t\t<div class=\"elementor-element elementor-element-459c870 e-flex e-con-boxed e-con e-parent\" data-id=\"459c870\" data-element_type=\"container\" data-e-type=\"container\" data-settings=\"{&quot;background_background&quot;:&quot;classic&quot;}\">\n\t\t\t\t\t<div class=\"e-con-inner\">\n\t\t\t\t<div class=\"elementor-element elementor-element-44e0cb1 elementor-widget__width-inherit elementor-widget-mobile__width-initial elementor-widget elementor-widget-heading\" data-id=\"44e0cb1\" data-element_type=\"widget\" data-e-type=\"widget\" data-widget_type=\"heading.default\">\n\t\t\t\t<div class=\"elementor-widget-container\">\n\t\t\t\t\t<h4 class=\"elementor-heading-title elementor-size-default\">Priapos<\/h4>\t\t\t\t<\/div>\n\t\t\t\t<\/div>\n\t\t\t\t<div class=\"elementor-element elementor-element-188f9c9 elementor-widget__width-initial elementor-widget-mobile__width-initial elementor-widget elementor-widget-heading\" data-id=\"188f9c9\" data-element_type=\"widget\" data-e-type=\"widget\" data-widget_type=\"heading.default\">\n\t\t\t\t<div class=\"elementor-widget-container\">\n\t\t\t\t\t<h2 class=\"elementor-heading-title elementor-size-default\">We aim to improve the quality of life for a overlooked group with a tabooed problem<\/h2>\t\t\t\t<\/div>\n\t\t\t\t<\/div>\n\t\t\t\t<div class=\"elementor-element elementor-element-5b0f86a elementor-widget__width-initial elementor-widget elementor-widget-text-editor\" data-id=\"5b0f86a\" data-element_type=\"widget\" data-e-type=\"widget\" data-widget_type=\"text-editor.default\">\n\t\t\t\t<div class=\"elementor-widget-container\">\n\t\t\t\t\t\t\t\t\t<p>We offer shockwave therapy that is painless and works regardless of age. You can be spontaneous and avoid expensive and cumbersome solutions like medications and injections. Everything just works - as usual.<\/p>\t\t\t\t\t\t\t\t<\/div>\n\t\t\t\t<\/div>\n\t\t\t\t\t<\/div>\n\t\t\t\t<\/div>\n\t\t<div class=\"elementor-element elementor-element-6068377 e-flex e-con-boxed e-con e-parent\" data-id=\"6068377\" data-element_type=\"container\" data-e-type=\"container\" data-settings=\"{&quot;background_background&quot;:&quot;classic&quot;}\">\n\t\t\t\t\t<div class=\"e-con-inner\">\n\t\t<div class=\"elementor-element elementor-element-805733b e-con-full e-flex e-con e-child\" data-id=\"805733b\" data-element_type=\"container\" data-e-type=\"container\">\n\t\t\t\t<div class=\"elementor-element elementor-element-bf48094 elementor-widget elementor-widget-heading\" data-id=\"bf48094\" data-element_type=\"widget\" data-e-type=\"widget\" data-widget_type=\"heading.default\">\n\t\t\t\t<div class=\"elementor-widget-container\">\n\t\t\t\t\t<h3 class=\"elementor-heading-title elementor-size-default\">Experienced Staff<\/h3>\t\t\t\t<\/div>\n\t\t\t\t<\/div>\n\t\t\t\t<div class=\"elementor-element elementor-element-6767211 elementor-widget-laptop__width-initial elementor-widget-widescreen__width-initial elementor-widget__width-initial elementor-widget elementor-widget-text-editor\" data-id=\"6767211\" data-element_type=\"widget\" data-e-type=\"widget\" data-widget_type=\"text-editor.default\">\n\t\t\t\t<div class=\"elementor-widget-container\">\n\t\t\t\t\t\t\t\t\t<p>Our staff has extensive experience with patients with erectile dysfunction and can address you in a respectful and professional manner.<\/p>\t\t\t\t\t\t\t\t<\/div>\n\t\t\t\t<\/div>\n\t\t\t\t<\/div>\n\t\t<div class=\"elementor-element elementor-element-16cc88b e-con-full e-flex e-con e-child\" data-id=\"16cc88b\" data-element_type=\"container\" data-e-type=\"container\">\n\t\t\t\t<div class=\"elementor-element elementor-element-a0d623d elementor-widget elementor-widget-heading\" data-id=\"a0d623d\" data-element_type=\"widget\" data-e-type=\"widget\" data-widget_type=\"heading.default\">\n\t\t\t\t<div class=\"elementor-widget-container\">\n\t\t\t\t\t<h3 class=\"elementor-heading-title elementor-size-default\">Proven Technique<\/h3>\t\t\t\t<\/div>\n\t\t\t\t<\/div>\n\t\t\t\t<div class=\"elementor-element elementor-element-268fe53 elementor-widget-laptop__width-initial elementor-widget-widescreen__width-initial elementor-widget__width-initial elementor-widget elementor-widget-text-editor\" data-id=\"268fe53\" data-element_type=\"widget\" data-e-type=\"widget\" data-widget_type=\"text-editor.default\">\n\t\t\t\t<div class=\"elementor-widget-container\">\n\t\t\t\t\t\t\t\t\t<p>We focus on shockwave therapy, a proven method for treating impotence, which is effective and safe for improving blood flow to the penis and restoring function.<\/p>\t\t\t\t\t\t\t\t<\/div>\n\t\t\t\t<\/div>\n\t\t\t\t<\/div>\n\t\t<div class=\"elementor-element elementor-element-97f9f34 e-con-full e-flex e-con e-child\" data-id=\"97f9f34\" data-element_type=\"container\" data-e-type=\"container\">\n\t\t\t\t<div class=\"elementor-element elementor-element-f6d32a3 elementor-widget elementor-widget-heading\" data-id=\"f6d32a3\" data-element_type=\"widget\" data-e-type=\"widget\" data-widget_type=\"heading.default\">\n\t\t\t\t<div class=\"elementor-widget-container\">\n\t\t\t\t\t<h3 class=\"elementor-heading-title elementor-size-default\">Discretion<\/h3>\t\t\t\t<\/div>\n\t\t\t\t<\/div>\n\t\t\t\t<div class=\"elementor-element elementor-element-be60cf8 elementor-widget-laptop__width-initial elementor-widget-widescreen__width-initial elementor-widget elementor-widget-text-editor\" data-id=\"be60cf8\" data-element_type=\"widget\" data-e-type=\"widget\" data-widget_type=\"text-editor.default\">\n\t\t\t\t<div class=\"elementor-widget-container\">\n\t\t\t\t\t\t\t\t\t<p class=\"translation-block\">We understand the importance of confidentiality given the subject and respect our patients' privacy. The clinic offers discreet treatment in a safe environment where you can discuss your concerns.<\/p>\t\t\t\t\t\t\t\t<\/div>\n\t\t\t\t<\/div>\n\t\t\t\t<\/div>\n\t\t\t\t\t<\/div>\n\t\t\t\t<\/div>\n\t\t<div class=\"elementor-element elementor-element-25819e1 e-flex e-con-boxed e-con e-parent\" data-id=\"25819e1\" data-element_type=\"container\" data-e-type=\"container\" data-settings=\"{&quot;background_background&quot;:&quot;classic&quot;}\">\n\t\t\t\t\t<div class=\"e-con-inner\">\n\t\t\t\t<div class=\"elementor-element elementor-element-25f407b elementor-widget__width-initial elementor-widget elementor-widget-image\" data-id=\"25f407b\" data-element_type=\"widget\" data-e-type=\"widget\" data-widget_type=\"image.default\">\n\t\t\t\t<div class=\"elementor-widget-container\">\n\t\t\t\t\t\t\t\t\t\t\t\t\t\t\t<img fetchpriority=\"high\" decoding=\"async\" width=\"1081\" height=\"1123\" src=\"https:\/\/priapos.se\/wp-content\/uploads\/2024\/03\/Priapos-Om_oss-Diskretion-240319-COMP@2x.webp\" class=\"attachment-full size-full wp-image-1149\" alt=\"Illustration som visar tv\u00e5 h\u00e4nder som h\u00e5ller i varandra och tillsammans avbildar ett hj\u00e4rta\" srcset=\"https:\/\/priapos.se\/wp-content\/uploads\/2024\/03\/Priapos-Om_oss-Diskretion-240319-COMP@2x.webp 1081w, https:\/\/priapos.se\/wp-content\/uploads\/2024\/03\/Priapos-Om_oss-Diskretion-240319-COMP@2x-768x798.webp 768w\" sizes=\"(max-width: 1081px) 100vw, 1081px\" \/>\t\t\t\t\t\t\t\t\t\t\t\t\t\t\t<\/div>\n\t\t\t\t<\/div>\n\t\t<div class=\"elementor-element elementor-element-4a2bd8c e-con-full e-flex e-con e-child\" data-id=\"4a2bd8c\" data-element_type=\"container\" data-e-type=\"container\">\n\t\t<div class=\"elementor-element elementor-element-8459933 e-con-full e-flex e-con e-child\" data-id=\"8459933\" data-element_type=\"container\" data-e-type=\"container\">\n\t\t\t\t<div class=\"elementor-element elementor-element-713d849 elementor-widget elementor-widget-heading\" data-id=\"713d849\" data-element_type=\"widget\" data-e-type=\"widget\" data-widget_type=\"heading.default\">\n\t\t\t\t<div class=\"elementor-widget-container\">\n\t\t\t\t\t<h4 class=\"elementor-heading-title elementor-size-default\">DISCREET TREATMENT<\/h4>\t\t\t\t<\/div>\n\t\t\t\t<\/div>\n\t\t\t\t<div class=\"elementor-element elementor-element-eed941e elementor-widget elementor-widget-heading\" data-id=\"eed941e\" data-element_type=\"widget\" data-e-type=\"widget\" data-widget_type=\"heading.default\">\n\t\t\t\t<div class=\"elementor-widget-container\">\n\t\t\t\t\t<h2 class=\"elementor-heading-title elementor-size-default\">We understand the importance of discretion on the subject<\/h2>\t\t\t\t<\/div>\n\t\t\t\t<\/div>\n\t\t\t\t<div class=\"elementor-element elementor-element-361e477 elementor-widget-laptop__width-initial elementor-widget elementor-widget-text-editor\" data-id=\"361e477\" data-element_type=\"widget\" data-e-type=\"widget\" data-widget_type=\"text-editor.default\">\n\t\t\t\t<div class=\"elementor-widget-container\">\n\t\t\t\t\t\t\t\t\t<p>We offer a confidential and safe environment where you can feel comfortable discussing your concerns and treatment options. Our team of experienced caregivers and staff are professionally trained to handle your questions.<\/p>\t\t\t\t\t\t\t\t<\/div>\n\t\t\t\t<\/div>\n\t\t\t\t<\/div>\n\t\t\t\t<\/div>\n\t\t\t\t\t<\/div>\n\t\t\t\t<\/div>\n\t\t<div class=\"elementor-element elementor-element-e609f14 e-flex e-con-boxed e-con e-parent\" data-id=\"e609f14\" data-element_type=\"container\" data-e-type=\"container\" data-settings=\"{&quot;background_background&quot;:&quot;classic&quot;}\">\n\t\t\t\t\t<div class=\"e-con-inner\">\n\t\t<div class=\"elementor-element elementor-element-f6f67a7 e-con-full e-flex e-con e-child\" data-id=\"f6f67a7\" data-element_type=\"container\" data-e-type=\"container\">\n\t\t\t\t<div class=\"elementor-element elementor-element-d77e38b elementor-widget elementor-widget-heading\" data-id=\"d77e38b\" data-element_type=\"widget\" data-e-type=\"widget\" data-widget_type=\"heading.default\">\n\t\t\t\t<div class=\"elementor-widget-container\">\n\t\t\t\t\t<h4 class=\"elementor-heading-title elementor-size-default\">THE TEAM<\/h4>\t\t\t\t<\/div>\n\t\t\t\t<\/div>\n\t\t\t\t<div class=\"elementor-element elementor-element-1e5d4a8 elementor-widget__width-initial elementor-widget elementor-widget-heading\" data-id=\"1e5d4a8\" data-element_type=\"widget\" data-e-type=\"widget\" data-widget_type=\"heading.default\">\n\t\t\t\t<div class=\"elementor-widget-container\">\n\t\t\t\t\t<p class=\"elementor-heading-title elementor-size-default\">Angelos \u2013 our specialist consultant on men's sexual and hormonal health<\/p>\t\t\t\t<\/div>\n\t\t\t\t<\/div>\n\t\t\t\t<div class=\"elementor-element elementor-element-efb1122 elementor-widget__width-initial elementor-widget elementor-widget-text-editor\" data-id=\"efb1122\" data-element_type=\"widget\" data-e-type=\"widget\" data-widget_type=\"text-editor.default\">\n\t\t\t\t<div class=\"elementor-widget-container\">\n\t\t\t\t\t\t\t\t\t<p>My name is Angelos Kalogiannis and I am a specialist in andrology and endocrinology. With many years of experience in these specialized areas, I have developed a deep knowledge and expertise about various sexual and hormonal disorders that affect men's health.<\/p><p>\u00a0<\/p><p>I contribute to Priapos having updated protocols for shock wave therapy, which ensures the best results from the treatment.<\/p>\t\t\t\t\t\t\t\t<\/div>\n\t\t\t\t<\/div>\n\t\t\t\t<\/div>\n\t\t\t\t<div class=\"elementor-element elementor-element-8eb109e elementor-widget__width-initial elementor-widget elementor-widget-image\" data-id=\"8eb109e\" data-element_type=\"widget\" data-e-type=\"widget\" data-widget_type=\"image.default\">\n\t\t\t\t<div class=\"elementor-widget-container\">\n\t\t\t\t\t\t\t\t\t\t\t\t\t\t\t<img decoding=\"async\" width=\"1081\" height=\"1080\" src=\"https:\/\/priapos.se\/wp-content\/uploads\/2024\/05\/Priapos-Om_oss-Personal-Angelo-COMP@2x.webp\" class=\"attachment-full size-full wp-image-2096\" alt=\"Portr\u00e4ttbild p\u00e5 Priapos specialistkonsult Angelos Kalogiannis\" srcset=\"https:\/\/priapos.se\/wp-content\/uploads\/2024\/05\/Priapos-Om_oss-Personal-Angelo-COMP@2x.webp 1081w, https:\/\/priapos.se\/wp-content\/uploads\/2024\/05\/Priapos-Om_oss-Personal-Angelo-COMP@2x-768x767.webp 768w, https:\/\/priapos.se\/wp-content\/uploads\/2024\/05\/Priapos-Om_oss-Personal-Angelo-COMP@2x-12x12.webp 12w\" sizes=\"(max-width: 1081px) 100vw, 1081px\" \/>\t\t\t\t\t\t\t\t\t\t\t\t\t\t\t<\/div>\n\t\t\t\t<\/div>\n\t\t\t\t\t<\/div>\n\t\t\t\t<\/div>\n\t\t<div class=\"elementor-element elementor-element-b0c9624 e-flex e-con-boxed e-con e-parent\" data-id=\"b0c9624\" data-element_type=\"container\" data-e-type=\"container\" data-settings=\"{&quot;background_background&quot;:&quot;classic&quot;}\">\n\t\t\t\t\t<div class=\"e-con-inner\">\n\t\t\t\t<div class=\"elementor-element elementor-element-a1c656f elementor-widget__width-inherit elementor-widget-mobile__width-initial elementor-widget elementor-widget-heading\" data-id=\"a1c656f\" data-element_type=\"widget\" data-e-type=\"widget\" data-widget_type=\"heading.default\">\n\t\t\t\t<div class=\"elementor-widget-container\">\n\t\t\t\t\t<h4 class=\"elementor-heading-title elementor-size-default\">THE TEAM<\/h4>\t\t\t\t<\/div>\n\t\t\t\t<\/div>\n\t\t<div class=\"elementor-element elementor-element-3ae264a e-con-full e-flex e-con e-child\" data-id=\"3ae264a\" data-element_type=\"container\" data-e-type=\"container\">\n\t\t\t\t<div class=\"elementor-element elementor-element-77b7981 elementor-widget elementor-widget-image\" data-id=\"77b7981\" data-element_type=\"widget\" data-e-type=\"widget\" data-widget_type=\"image.default\">\n\t\t\t\t<div class=\"elementor-widget-container\">\n\t\t\t\t\t\t\t\t\t\t\t\t\t\t\t<img decoding=\"async\" width=\"730\" height=\"730\" src=\"https:\/\/priapos.se\/wp-content\/uploads\/2024\/04\/Priapos-Om_oss-Personal-Niklas-240430_1-COMP@2x.webp\" class=\"attachment-full size-full wp-image-2057\" alt=\"Niklas S\u00f6der, Behandlare\" srcset=\"https:\/\/priapos.se\/wp-content\/uploads\/2024\/04\/Priapos-Om_oss-Personal-Niklas-240430_1-COMP@2x.webp 730w, https:\/\/priapos.se\/wp-content\/uploads\/2024\/04\/Priapos-Om_oss-Personal-Niklas-240430_1-COMP@2x-12x12.webp 12w\" sizes=\"(max-width: 730px) 100vw, 730px\" \/>\t\t\t\t\t\t\t\t\t\t\t\t\t\t\t<\/div>\n\t\t\t\t<\/div>\n\t\t\t\t<div class=\"elementor-element elementor-element-81824de elementor-widget__width-inherit elementor-widget elementor-widget-heading\" data-id=\"81824de\" data-element_type=\"widget\" data-e-type=\"widget\" data-widget_type=\"heading.default\">\n\t\t\t\t<div class=\"elementor-widget-container\">\n\t\t\t\t\t<h3 class=\"elementor-heading-title elementor-size-default\">Niklas S\u00f6der<br>\nTreatment provider<\/h3>\t\t\t\t<\/div>\n\t\t\t\t<\/div>\n\t\t\t\t<div class=\"elementor-element elementor-element-323691b elementor-widget-laptop__width-initial elementor-widget-widescreen__width-initial elementor-widget__width-inherit elementor-widget elementor-widget-text-editor\" data-id=\"323691b\" data-element_type=\"widget\" data-e-type=\"widget\" data-widget_type=\"text-editor.default\">\n\t\t\t\t<div class=\"elementor-widget-container\">\n\t\t\t\t\t\t\t\t\t<p>Licensed nurse. Previously worked as a nurse in emergency healthcare. Experience from activities within intermediate care, medicine, cardiology and orthopedics. Now working for a company that provides emergency medical care in the home.\u00a0<\/p>\t\t\t\t\t\t\t\t<\/div>\n\t\t\t\t<\/div>\n\t\t\t\t<\/div>\n\t\t<div class=\"elementor-element elementor-element-bffaab0 e-con-full e-flex e-con e-child\" data-id=\"bffaab0\" data-element_type=\"container\" data-e-type=\"container\">\n\t\t\t\t<div class=\"elementor-element elementor-element-49b72db elementor-widget elementor-widget-image\" data-id=\"49b72db\" data-element_type=\"widget\" data-e-type=\"widget\" data-widget_type=\"image.default\">\n\t\t\t\t<div class=\"elementor-widget-container\">\n\t\t\t\t\t\t\t\t\t\t\t\t\t\t\t<img loading=\"lazy\" decoding=\"async\" width=\"730\" height=\"730\" src=\"https:\/\/priapos.se\/wp-content\/uploads\/2024\/04\/Priapos-Om_oss-Personal-Fredrik-240429-COMP@2x.webp\" class=\"attachment-full size-full wp-image-2049\" alt=\"Fredrik Swedin, Styrelseordf\u00f6rande\" srcset=\"https:\/\/priapos.se\/wp-content\/uploads\/2024\/04\/Priapos-Om_oss-Personal-Fredrik-240429-COMP@2x.webp 730w, https:\/\/priapos.se\/wp-content\/uploads\/2024\/04\/Priapos-Om_oss-Personal-Fredrik-240429-COMP@2x-12x12.webp 12w\" sizes=\"(max-width: 730px) 100vw, 730px\" \/>\t\t\t\t\t\t\t\t\t\t\t\t\t\t\t<\/div>\n\t\t\t\t<\/div>\n\t\t\t\t<div class=\"elementor-element elementor-element-19f472f elementor-widget__width-inherit elementor-widget elementor-widget-heading\" data-id=\"19f472f\" data-element_type=\"widget\" data-e-type=\"widget\" data-widget_type=\"heading.default\">\n\t\t\t\t<div class=\"elementor-widget-container\">\n\t\t\t\t\t<h3 class=\"elementor-heading-title elementor-size-default\">Fredrik Swedin<br>\nBoard Chair<\/h3>\t\t\t\t<\/div>\n\t\t\t\t<\/div>\n\t\t\t\t<div class=\"elementor-element elementor-element-acb458d elementor-widget-laptop__width-initial elementor-widget-widescreen__width-initial elementor-widget__width-inherit elementor-widget elementor-widget-text-editor\" data-id=\"acb458d\" data-element_type=\"widget\" data-e-type=\"widget\" data-widget_type=\"text-editor.default\">\n\t\t\t\t<div class=\"elementor-widget-container\">\n\t\t\t\t\t\t\t\t\t<p>Lawyer and Economist. Founder of ABC Ortopedia and previously worked as COO and CFO for Bounce-Group, Elk-Group, Magnolia Bostad and various other Finance roles within Investor AB.<\/p>\t\t\t\t\t\t\t\t<\/div>\n\t\t\t\t<\/div>\n\t\t\t\t<\/div>\n\t\t\t\t\t<\/div>\n\t\t\t\t<\/div>\n\t\t<div class=\"elementor-element elementor-element-0a60b10 e-flex e-con-boxed e-con e-parent\" data-id=\"0a60b10\" data-element_type=\"container\" data-e-type=\"container\" data-settings=\"{&quot;background_background&quot;:&quot;classic&quot;}\">\n\t\t\t\t\t<div class=\"e-con-inner\">\n\t\t<div class=\"elementor-element elementor-element-6e2c0d0 e-flex e-con-boxed e-con e-child\" data-id=\"6e2c0d0\" data-element_type=\"container\" data-e-type=\"container\" data-settings=\"{&quot;background_background&quot;:&quot;classic&quot;}\">\n\t\t\t\t\t<div class=\"e-con-inner\">\n\t\t\t\t<div class=\"elementor-element elementor-element-f90f610 elementor-widget__width-inherit elementor-widget elementor-widget-heading\" data-id=\"f90f610\" data-element_type=\"widget\" data-e-type=\"widget\" data-widget_type=\"heading.default\">\n\t\t\t\t<div class=\"elementor-widget-container\">\n\t\t\t\t\t<h2 class=\"elementor-heading-title elementor-size-default\">52% of all men experience impotence at some point<\/h2>\t\t\t\t<\/div>\n\t\t\t\t<\/div>\n\t\t\t\t<div class=\"elementor-element elementor-element-43eaa2a elementor-widget__width-initial elementor-widget-mobile__width-initial elementor-widget elementor-widget-text-editor\" data-id=\"43eaa2a\" data-element_type=\"widget\" data-e-type=\"widget\" data-widget_type=\"text-editor.default\">\n\t\t\t\t<div class=\"elementor-widget-container\">\n\t\t\t\t\t\t\t\t\t<p>Approximately 255,000 men have problems with erectile dysfunction (ED) in Sweden. It's not only common, it's also easy to treat.<\/p>\t\t\t\t\t\t\t\t<\/div>\n\t\t\t\t<\/div>\n\t\t\t\t<div class=\"elementor-element elementor-element-8ed1071 elementor-widget__width-inherit elementor-align-center elementor-widget elementor-widget-button\" data-id=\"8ed1071\" data-element_type=\"widget\" data-e-type=\"widget\" data-widget_type=\"button.default\">\n\t\t\t\t<div class=\"elementor-widget-container\">\n\t\t\t\t\t\t\t\t\t<div class=\"elementor-button-wrapper\">\n\t\t\t\t\t<a class=\"elementor-button elementor-button-link elementor-size-sm\" href=\"https:\/\/www.bokadirekt.se\/places\/priapos-ab-133094\" target=\"_blank\" rel=\"noopener\">\n\t\t\t\t\t\t<span class=\"elementor-button-content-wrapper\">\n\t\t\t\t\t\t\t\t\t<span class=\"elementor-button-text\">Book a consultation<\/span>\n\t\t\t\t\t<\/span>\n\t\t\t\t\t<\/a>\n\t\t\t\t<\/div>\n\t\t\t\t\t\t\t\t<\/div>\n\t\t\t\t<\/div>\n\t\t\t\t\t<\/div>\n\t\t\t\t<\/div>\n\t\t\t\t\t<\/div>\n\t\t\t\t<\/div>\n\t\t\t\t<\/div>","protected":false},"excerpt":{"rendered":"<p>Priapos erbjuder en effektiv st\u00f6tv\u00e5gsbehandling mot erektil dysfunktion som \u00e4r sm\u00e4rtfri, evidensbaserad och utf\u00f6rd i en trygg och diskret klinik.<\/p>","protected":false},"author":1,"featured_media":1152,"parent":0,"menu_order":0,"comment_status":"closed","ping_status":"closed","template":"","meta":{"_acf_changed":false,"footnotes":""},"class_list":["post-60","page","type-page","status-publish","has-post-thumbnail","hentry"],"acf":[],"_links":{"self":[{"href":"https:\/\/priapos.se\/en\/wp-json\/wp\/v2\/pages\/60","targetHints":{"allow":["GET"]}}],"collection":[{"href":"https:\/\/priapos.se\/en\/wp-json\/wp\/v2\/pages"}],"about":[{"href":"https:\/\/priapos.se\/en\/wp-json\/wp\/v2\/types\/page"}],"author":[{"embeddable":true,"href":"https:\/\/priapos.se\/en\/wp-json\/wp\/v2\/users\/1"}],"replies":[{"embeddable":true,"href":"https:\/\/priapos.se\/en\/wp-json\/wp\/v2\/comments?post=60"}],"version-history":[{"count":0,"href":"https:\/\/priapos.se\/en\/wp-json\/wp\/v2\/pages\/60\/revisions"}],"wp:featuredmedia":[{"embeddable":true,"href":"https:\/\/priapos.se\/en\/wp-json\/wp\/v2\/media\/1152"}],"wp:attachment":[{"href":"https:\/\/priapos.se\/en\/wp-json\/wp\/v2\/media?parent=60"}],"curies":[{"name":"wp","href":"https:\/\/api.w.org\/{rel}","templated":true}]}}